{"id":3985,"date":"2025-12-19T18:55:55","date_gmt":"2025-12-19T18:55:55","guid":{"rendered":"https:\/\/dev.kajakkamptoni.com\/?page_id=3985"},"modified":"2026-01-30T09:37:28","modified_gmt":"2026-01-30T09:37:28","slug":"termini-condizioni","status":"publish","type":"page","link":"https:\/\/kajakkamptoni.com\/it\/termini-condizioni\/","title":{"rendered":"Termini &#038; condizioni"},"content":{"rendered":"<p><strong>PRENOTA ALLOGGIO<\/strong><\/p>\n<ul>\n<li>Siete invitati a richiedere la vostra prenotazione via e-mail kajakamptoni@siol.net o modulo online sul sito web https:\/\/kajakkamptoni.com separatamente per ogni tipo di alloggio.<\/li>\n<li>Al fine di trovare una piazzola, un appartamento, un bungalow o una camera adatta secondo i vostri desideri, dobbiamo necessariamente essere informati del numero di adulti o bambini, delle dimensioni e della descrizione del vostro veicolo, camper, roulotte o tenda al momento della richiesta o della prenotazione.<\/li>\n<li>Al ricevimento della tua richiesta, riceverai un&#8217;offerta da parte nostra, allo stesso tempo verr\u00e0 effettuata una prenotazione provvisoria, che rimarr\u00e0 valida per almeno tre (3) giorni dalla data di invio dell&#8217;offerta (possibilmente di pi\u00f9, a seconda del giorno di arrivo desiderato o dell&#8217;occupazione della capacit\u00e0 ricettiva).<\/li>\n<li>Insieme all&#8217;offerta, riceverai un calcolo significativo e una percentuale o un importo del pagamento anticipato.<\/li>\n<\/ul>\n<p><strong>CONFERMA<\/strong><\/p>\n<ul>\n<li>Riceverete una conferma di prenotazione all&#8217;indirizzo e-mail da cui \u00e8 stata inviata la tua richiesta o all&#8217;indirizzo e-mail che hai fornito durante la compilazione del modulo online.<\/li>\n<li>La conferma della prenotazione significa che termini e condizioni generali (CGC) sono accettati dall&#8217;ospite.<\/li>\n<li>I termini e le condizioni sono disponibili anche sul https:\/\/kajakkamptoni.com\/it\/termini-condizioni\/<\/li>\n<li>Se accetti i termini e le condizioni senza averli letti, perdi il diritto di presentare un reclamo.<\/li>\n<\/ul>\n<p><strong>CHECK-IN\/CHECK-OUT DI GRUPPO\/OSPITI<\/strong><\/p>\n<ul>\n<li>Al momento della registrazione di un gruppo\/ospite presso la reception del campeggio, \u00e8 necessario allegare una conferma di prenotazione. Questo indica il vettore di prenotazione e il periodo prenotato.<\/li>\n<li>Siete pregati di notare che il check-in di un gruppo\/ospite deve essere presentato alla reception con un documento d&#8217;identit\u00e0 con foto per ogni ospite.<\/li>\n<li>In caso di arrivo tardivo senza preavviso, l&#8217;unit\u00e0 di alloggio rimarr\u00e0 prenotata fino alle 20:00 del giorno di arrivo previsto. Dalle ore 20:00 ci riserviamo il diritto di affittare l&#8217;unit\u00e0 abitativa.<\/li>\n<li>In caso di arrivo posticipato o partenza anticipata rispetto a quanto annunciato nella prenotazione, ci riserviamo il diritto di addebitare al gruppo\/ospite l&#8217;intero periodo prenotato e tutti i servizi prenotati.<\/li>\n<li>Orario di check-in o check-out degli ospiti per diverse capacit\u00e0 ricettive:\n<ul>\n<li>Campeggio\n<ul>\n<li>Check-in il giorno di arrivo: 16:00-20:00<\/li>\n<li>Check-out il giorno della partenza: 08:00-12:00<\/li>\n<\/ul>\n<\/li>\n<li>Appartamento | Bungalow | Camere\n<ul>\n<li>Check-in il giorno di arrivo: 16:00-20:00<\/li>\n<li>Check-out il giorno della partenza: 08:00-10:00<\/li>\n<\/ul>\n<\/li>\n<\/ul>\n<\/li>\n<li>Per soggiorni successivi all&#8217;orario di partenza previsto, verr\u00e0 addebitata una notte aggiuntiva in base al listino prezzi pubblicato presso la reception del campeggio e il https:\/\/kajakkamptoni.com<\/li>\n<\/ul>\n<p><strong>MODIFICA LA TUA PRENOTAZIONE<\/strong><\/p>\n<ul>\n<li>Le prenotazioni effettuate telefonicamente o via kajakamptoni@siol.net possono essere modificate fino a 14 giorni prima della data di arrivo indicata nella conferma di prenotazione, in base alla disponibilit\u00e0 (periodo o tipo di alloggio).<\/li>\n<li>Le prenotazioni effettuate tramine il modulo online sul sito web https:\/\/kajakkamptoni.com possono essere modificate fino a 14 giorni prima della data di arrivo indicata nella conferma di prenotazione, a seconda della disponibilit\u00e0 (periodo o tipo di alloggio).<\/li>\n<li>Ci riserviamo il diritto di modificare le prenotazioni effettuate tramite richiesta telefonica o e-mail via kajakamptoni@siol.net entro e non oltre 14 giorni prima della data di arrivo indicata nella conferma della prenotazione, a seconda della disponibilit\u00e0 (periodo o tipo di alloggio).<\/li>\n<li>Se il numero di persone cambia al momento della prenotazione di una piazzola, verranno addebitate solo le persone che soggiornavano presso l&#8217;alloggio in quel momento in base al listino prezzi valido.<\/li>\n<li>Se il numero di persone in un appartamento, bungalow o camera supera il numero massimo di persone, il costo e la tassa di soggiorno della persona verranno addebitati per ogni persona in pi\u00f9 in base al listino prezzi valido.<\/li>\n<\/ul>\n<p><strong>CANCELLA PRENOTAZIONE<\/strong><\/p>\n<ul>\n<li>La prenotazione pu\u00f2 essere cancellata solo per iscritto o via e-mail kajakamptoni@siol.net. Non saranno prese in considerazione richieste telefoniche di cancellazione di una prenotazione.<\/li>\n<\/ul>\n<p><strong>PAGA PER I SERVIZI<\/strong><\/p>\n<ul>\n<li>Il conto finale verr\u00e0 saldato in contanti alla reception del campeggio in EUR.<\/li>\n<li>Eventuali discrepanze nel pagamento della fattura finale, che verr\u00e0 saldata alla reception del campeggio, dipenderanno dall&#8217;importo dei servizi indicati nella richiesta e dai servizi effettivamente utilizzati durante il soggiorno presso il campeggio.<\/li>\n<li>La fattura finale sar\u00e0 ridotta dell&#8217;importo dell&#8217;anticipo gi\u00e0 effettuato.<\/li>\n<li>Per evitare possibili ritardi o code, puoi pagare il tuo soggiorno il giorno prima della data di partenza prevista o anche al momento del check-in.<\/li>\n<li>I prezzi dei servizi sono indicati nel listino prezzi pubblicato presso la reception del campeggio e su https:\/\/kajakkamptoni.com<\/li>\n<\/ul>\n<p><strong>PRENOTA UNA PIAZZOLA SPECIFICA<\/strong><\/p>\n<ul>\n<li>Le piazzole nelle diverse zone del campeggio sono diverse, quindi facciamo ogni sforzo per fornire una piazzola che corrisponda alle dimensioni di camper, roulotte e tende, nonch\u00e9 servizi aggiuntivi indicati nel modulo di prenotazione o in una e-mail al momento della richiesta.<\/li>\n<li>L&#8217;ospite pu\u00f2 fare una richiesta riguardante la posizione o l&#8217;aspetto della piazzola, e il rispetto di questi requisiti dipende dalle possibilit\u00e0 e dalle capacit\u00e0 attualmente disponibili.<\/li>\n<li>Una piazzola specifica pu\u00f2 essere prenotata solo dagli ospiti che hanno gi\u00e0 soggiornato presso il campeggio e hanno familiarit\u00e0 con le piazzole che soddisfano le loro preferenze, a seconda delle possibilit\u00e0 e delle capacit\u00e0 attualmente disponibili.<\/li>\n<li>Nessun elenco di capacit\u00e0 ricettive disponibili sar\u00e0 inviato agli ospiti.<\/li>\n<\/ul>\n<p><strong>ANIMALI DOMESTICI<\/strong><\/p>\n<ul>\n<li>Gli animali domestici sono benvenuti nel campeggio senza alcun costo aggiuntivo.<\/li>\n<li>Siete pregati di notare che gli animali domestici devono essere registrati presso la reception del campeggio al momento del check-in.<\/li>\n<li>Gli animali domestici devono essere tenuti al guinzaglio durante la passeggiata e nei ristoranti.<\/li>\n<li>Se il danno \u00e8 causato dall&#8217;animale, il danno risultante \u00e8 a carico del proprietario dell&#8217;animale.<\/li>\n<li>Gli animali domestici sono ammessi negli appartamenti, nei bungalow e nelle camere dietro pagamento di un supplemento.<\/li>\n<\/ul>\n<p><strong>ALTRO<\/strong><\/p>\n<ul>\n<li>Le offerte speciali sul sito web https:\/\/kajakkamptoni.com o inviate via e-mail e gli sconti standard elencati sul sito web non sono cumulabili e si escludono a vicenda. Sono valide solo per le prenotazioni effettuate durante il periodo dell&#8217;offerta speciale. L&#8217;offerta speciale non pu\u00f2 essere sostituita con altre offerte.<\/li>\n<li>L&#8217;importo della tassa di soggiorno viene riscosso per ogni persona che soggiorna nel campeggio, a seconda dell&#8217;et\u00e0 di quella persona.<\/li>\n<\/ul>\n<p>Vi ringraziamo per la fiducia e vi auguriamo un piacevole soggiorno.<\/p>\n<p>Valido dal: 01.12.2025<\/p>\n<p>KAJAK KAMP TONI<br \/>\nVesna \u010copi Mleku\u017e<br \/>\nDirettore<\/p>\n","protected":false},"excerpt":{"rendered":"<p>PRENOTA ALLOGGIO Siete invitati a richiedere la vostra prenotazione via e-mail kajakamptoni@siol.net o modulo online sul sito web https:\/\/kajakkamptoni.com separatamente per ogni tipo di alloggio. Al fine di trovare una piazzola, un appartamento, un bungalow o una camera adatta secondo i vostri desideri, dobbiamo necessariamente essere informati del numero di adulti o bambini, delle dimensioni &#8230; <a title=\"Termini &#038; condizioni\" class=\"read-more\" href=\"https:\/\/kajakkamptoni.com\/it\/termini-condizioni\/\" aria-label=\"Per saperne di pi\u00f9 su Termini &#038; condizioni\">Leggi tutto<\/a><\/p>\n","protected":false},"author":1,"featured_media":0,"parent":0,"menu_order":0,"comment_status":"closed","ping_status":"closed","template":"","meta":{"_acf_changed":false,"inline_featured_image":false,"footnotes":""},"class_list":["post-3985","page","type-page","status-publish"],"acf":[],"_links":{"self":[{"href":"https:\/\/kajakkamptoni.com\/it\/wp-json\/wp\/v2\/pages\/3985","targetHints":{"allow":["GET"]}}],"collection":[{"href":"https:\/\/kajakkamptoni.com\/it\/wp-json\/wp\/v2\/pages"}],"about":[{"href":"https:\/\/kajakkamptoni.com\/it\/wp-json\/wp\/v2\/types\/page"}],"author":[{"embeddable":true,"href":"https:\/\/kajakkamptoni.com\/it\/wp-json\/wp\/v2\/users\/1"}],"replies":[{"embeddable":true,"href":"https:\/\/kajakkamptoni.com\/it\/wp-json\/wp\/v2\/comments?post=3985"}],"version-history":[{"count":1,"href":"https:\/\/kajakkamptoni.com\/it\/wp-json\/wp\/v2\/pages\/3985\/revisions"}],"predecessor-version":[{"id":3986,"href":"https:\/\/kajakkamptoni.com\/it\/wp-json\/wp\/v2\/pages\/3985\/revisions\/3986"}],"wp:attachment":[{"href":"https:\/\/kajakkamptoni.com\/it\/wp-json\/wp\/v2\/media?parent=3985"}],"curies":[{"name":"wp","href":"https:\/\/api.w.org\/{rel}","templated":true}]}}