{"id":3964,"date":"2025-12-19T18:55:28","date_gmt":"2025-12-19T18:55:28","guid":{"rendered":"https:\/\/dev.kajakkamptoni.com\/?page_id=3964"},"modified":"2026-01-30T08:27:51","modified_gmt":"2026-01-30T08:27:51","slug":"regolamento-del-campeggio","status":"publish","type":"page","link":"https:\/\/kajakkamptoni.com\/it\/regolamento-del-campeggio\/","title":{"rendered":"Regolamento del campeggio"},"content":{"rendered":"<p align=\"justify\"><b>REGOLAMENTO DEL CAMPEGGIO<\/b><\/p>\n<p align=\"justify\">Nel campeggio possono soggiornare soltanto i clienti registrati. La Direzione si riserva il diritto di non ammettere o allontanare dal campeggio l&#8217;ospite che non osserva il presente regolamento, soprattutto chi disturba l&#8217;ordine e la quiete pubblica, il riposo degli altri ospiti, o il cui comportamento indica la mancanza di rispetto degli altri campeggiatori, della decenza e della morale sociale e delle regole prestabilite dal codice di condotta. L&#8217;intestatario della fattura per il pagamento del soggiorno sar\u00e0 ritenuto responsabile di tutte le proprie azioni o svolte da altra persona al seguito o persona che usufruisce dei servizi del campeggio con l&#8217;assenso dell&#8217; intestatario della fattura.<\/p>\n<p align=\"justify\"><b>REGISTRAZIONE E NOTIFICA DEI CAMPEGGIATORI<\/b><\/p>\n<p align=\"justify\">E&#8217;obbligatoria la registrazione di tutti i campeggiatori, come pure di altri utenti dei servizi offerti dal campeggio. Al momento dell&#8217;arrivo, il cliente ha l&#8217;obbligo di registrarsi alla reception del campeggio e di consegnare un valido documento d&#8217;identit\u00e0 di tutte le persone che soggiornano nel campeggio (carta d&#8217;identit\u00e0 o passaporto),- ((ogni cliente, anche i bambini, a prescindere se individualmente o facente parte di un gruppo)).<\/p>\n<p align=\"justify\"><b>SCELTA DELLA PIAZZOLA<\/b><\/p>\n<p align=\"justify\">Il campeggiatore pu\u00f2 scegliere una piazzola a proprio piacimento, previa autorizzazione alla reception del campeggio. Il cambio della piazzola \u00e8 consentito solo in casi eccezionali e per ragioni giustificate e dovr\u00e0 essere concordata preventivamente con la Direzione del campeggio.<\/p>\n<p align=\"justify\"><b>UTILIZZO DELLA PIAZZOLA<\/b><\/p>\n<p align=\"justify\">Nella zona non \u00e8 permessa la balneazione, lo spostamento dei paletti che delimitano la piazzola o altri interventi che modificano l&#8217;aspetto esteriore della piazzola utilizzata. Al momento della partenza il cliente ha l&#8217;obbligo di sistemare e di riportare all&#8217;aspetto originale la piazzola. Il cliente \u00e8 chiamato a mantenere pulita la piazzola e deve preservare alberi, piante e il verde del campeggio. E&#8217; vietato spezzare rami, provocare danni nonch\u00e9 tagliare gli alberi.<\/p>\n<p align=\"justify\"><b>LA QUIETE NOTTURNA<\/b><\/p>\n<p align=\"justify\">Nel campeggio vige l&#8217;obbligo della quiete e del silenzio assoluto durante le ore notturne dalle ore 22.00 alle ore 07.00. Sono proibiti tutti i rumori che possono disturbare il riposo dei campeggiatori e la quiete nel campeggio.<\/p>\n<p align=\"justify\"><b>VISITATORI<\/b><\/p>\n<p align=\"justify\">Chi accede al campeggio per visitare amici o parenti \u00e8 tenuto a lasciare la propria macchina nell&#8217;apposito parcheggio all&#8217;ingresso.<\/p>\n<p align=\"justify\"><b>MINORI<\/b><\/p>\n<p align=\"justify\">I minori di et\u00e0 inferiore a 18 anni, devono essere accompagnati dai genitori o da una persona adulta , responsabile a tutti gli effetti del suo comportamento all&#8217;interno del campeggio e di eventuali danni durante il soggiorno. L&#8217;uso del parco giochi e delle attrezzature avverr\u00e0 sotto la responsabilit\u00e0 degli stessi campeggiatori.<\/p>\n<p align=\"justify\"><b>ANIMALI DA COMPAGNIA<\/b><\/p>\n<p align=\"justify\">Non sono ammessi animali da compagnia che recano disturbo o possono rappresentare un pericolo per i clienti del campeggio.<\/p>\n<p align=\"justify\">Non sono ammessi animali da compagnia che recano disturbo o possono rappresentare un pericolo per i clienti del campeggio. Gli animali non devono in alcun modo disturbare la quiete e la tranquillit\u00e0 degli altri ospiti. Durante il soggiorno in campeggio devono essere sorvegliati dal proprietario (i cani vanno tenuti al guinzaglio o legati se all&#8217;interno della propria piazzuola, gli altri animali vanno sorvegliati a seconda delle caratteristiche della specie).<\/p>\n<p align=\"justify\">Il lavaggio delle stoviglie e del bucato \u00e8 permesso solamente negli spazi previsti per questo scopo. I lavabo, le vasche, le docce, gli orinatoi e le toilette devono essere usati in modo corretto in base alla loro funzione, tenendo conto del fatto che si tratta di servizi igienici per l&#8217;usufrutto comune di tutti i campeggiatori. E vietato il lavaggio delle automobili nell&#8217;interno del campeggio, il cambio dell&#8217;olio dei veicoli ecc.<\/p>\n<p align=\"justify\">I rifiuti solidi \u2013 solo differenziati \u2013 vanno depositati in appositi contenitori e recipienti sistemati lungo le vie d&#8217;accesso e i percorsi pi\u00f9 frequentati. CARTA, PLASTICA, VETRO, VARIA E RIFIUTI ORGANICI<\/p>\n<p align=\"justify\"><b>MOVIMENTO DI VEICOLI<\/b><\/p>\n<p align=\"justify\">La velocit\u00e0 massima all&#8217;interno del campeggio non deve superare i 10 km\/h . I pedoni hanno la precedenza su tutti gli altri veicoli. All&#8217;interno del campeggio \u00e8 vietato circolare ad alta velocit\u00e0 con bici e motocicli.<\/p>\n<p align=\"justify\"><b>CUSTODIA DEGLI EFFETTI PERSONALI E RESPONSABILITA&#8217; IN CASO DI INFORTUNI<\/b><\/p>\n<p align=\"justify\">Ciascun campeggiatore \u00e8 tenuto a custodire e tener conto della sua propriet\u00e0 e degli effetti personali all&#8217;interno del campeggio. La Direzione declina ogni responsabilit\u00e0 per gli oggetti smarriti, sottratti o danneggiati, ne per eventuali infortuni o incidenti all&#8217;interno del campeggio causati dalla negligenza personale del campeggiatore e non risponde per danni causati da eventi atmosferici, incendi o altri fenomeni di forza maggiore o per danni provocati da maltempo, incendi o altri fenomeni di forza maggiore.<\/p>\n<p align=\"justify\"><b>CONSEGUENZE DEL MANCATO ATTENIMENTO AL REGOLAMENTO NEL CAMPEGGIO<\/b><\/p>\n<p align=\"justify\">La direzione si riserva il diritto di espellere entro 24 ore coloro che, a suo giudizio, contravvengono al regolamento. In caso di particolare gravit\u00e0 nell&#8217;inadempienza delle norme regolamentari i trasgressori saranno allontanati dal campeggio con effetto immediato e denunciati alla polizia nel caso vengano ravvisati gli estremi di reato. Anche in caso di espulsione il campeggiatore \u00e8 tenuto a saldare interamente le spese di soggiorno.<\/p>\n<p align=\"justify\">In deroga alle disposizioni di cui sopra, l&#8217;ospite \u00e8 tenuto a risarcire ogni danno patrimoniale e non-patrimoniale eventualmente insorto al campeggio o a terzi per motivi imputabili all&#8217;ospite.<\/p>\n<p align=\"justify\">L&#8217;accesso e la presenza in campeggio di persone non registrate o che violano le regole generali, potr\u00e0 avere come conseguenza l&#8217; espulsione dal campeggio e la denuncia alle Autorit\u00e0 competenti per eventuali situazioni di disturbo dell&#8217;ordine e della quiete pubblica, per turbato possesso, omesso pagamento della tassa turistica nel caso di soggiorno nel campeggio, di mancato saldo della fattura per i servizi ricevuti nel campeggio, nonch\u00e9 in caso di reato di truffa o di altri eventuali comportamenti illeciti.<\/p>\n<p align=\"justify\">Gli ospiti possono esprimere per iscritto il proprio gradimento dei servizi offerti presso la Reception del campeggio.<\/p>\n<p align=\"justify\">Il presente Regolamento \u00e8 in vigore dal 01.12.2025.<\/p>\n","protected":false},"excerpt":{"rendered":"<p>REGOLAMENTO DEL CAMPEGGIO Nel campeggio possono soggiornare soltanto i clienti registrati. La Direzione si riserva il diritto di non ammettere o allontanare dal campeggio l&#8217;ospite che non osserva il presente regolamento, soprattutto chi disturba l&#8217;ordine e la quiete pubblica, il riposo degli altri ospiti, o il cui comportamento indica la mancanza di rispetto degli altri &#8230; <a title=\"Regolamento del campeggio\" class=\"read-more\" href=\"https:\/\/kajakkamptoni.com\/it\/regolamento-del-campeggio\/\" aria-label=\"Per saperne di pi\u00f9 su Regolamento del campeggio\">Leggi tutto<\/a><\/p>\n","protected":false},"author":1,"featured_media":0,"parent":0,"menu_order":0,"comment_status":"closed","ping_status":"closed","template":"","meta":{"_acf_changed":false,"inline_featured_image":false,"footnotes":""},"class_list":["post-3964","page","type-page","status-publish"],"acf":[],"_links":{"self":[{"href":"https:\/\/kajakkamptoni.com\/it\/wp-json\/wp\/v2\/pages\/3964","targetHints":{"allow":["GET"]}}],"collection":[{"href":"https:\/\/kajakkamptoni.com\/it\/wp-json\/wp\/v2\/pages"}],"about":[{"href":"https:\/\/kajakkamptoni.com\/it\/wp-json\/wp\/v2\/types\/page"}],"author":[{"embeddable":true,"href":"https:\/\/kajakkamptoni.com\/it\/wp-json\/wp\/v2\/users\/1"}],"replies":[{"embeddable":true,"href":"https:\/\/kajakkamptoni.com\/it\/wp-json\/wp\/v2\/comments?post=3964"}],"version-history":[{"count":1,"href":"https:\/\/kajakkamptoni.com\/it\/wp-json\/wp\/v2\/pages\/3964\/revisions"}],"predecessor-version":[{"id":3965,"href":"https:\/\/kajakkamptoni.com\/it\/wp-json\/wp\/v2\/pages\/3964\/revisions\/3965"}],"wp:attachment":[{"href":"https:\/\/kajakkamptoni.com\/it\/wp-json\/wp\/v2\/media?parent=3964"}],"curies":[{"name":"wp","href":"https:\/\/api.w.org\/{rel}","templated":true}]}}