{"id":3981,"date":"2025-12-19T18:55:55","date_gmt":"2025-12-19T18:55:55","guid":{"rendered":"https:\/\/dev.kajakkamptoni.com\/?page_id=3981"},"modified":"2026-01-30T09:26:35","modified_gmt":"2026-01-30T09:26:35","slug":"agb","status":"publish","type":"page","link":"https:\/\/kajakkamptoni.com\/de\/agb\/","title":{"rendered":"Allgemeine Gesch\u00e4ftsbedingungen"},"content":{"rendered":"<p><strong>UNTERKUNFT BUCHEN<\/strong><\/p>\n<ul>\n<li>Ihre Buchung k\u00f6nnen Sie gerne per E-Mail kajakamptoni@siol.net oder Online-Formular auf der Website https:\/\/kajakkamptoni.com f\u00fcr jede Unterkunftsart separat anfragen.<\/li>\n<li>Um einen f\u00fcr Sie geeigneten Campingplatz, eine Ferienwohnung, einen Bungalow oder ein Zimmer zu finden, m\u00fcssen wir notwendigerweise \u00fcber die Anzahl der Erwachsenen bzw. Kinder, Ma\u00dfe und Beschreibung Ihres Fahrzeugs, Wohnmobils, Wohnwagens oder Ihres Zelts bei einer Anfrage oder Buchung informiert werden.<\/li>\n<li>Nach Eingang Ihrer Anfrage erhalten Sie ein Angebot von uns, gleichzeitig wird eine provisorische Buchung vorgenommen, die mindestens 3 Tage ab dem Tag der Absendung des Angebots g\u00fcltig bleibt (m\u00f6glicherweise mehr, je nach gew\u00fcnschtem Anreisetag oder Belegung der Unterkunftskapazit\u00e4ten).<\/li>\n<li>Zusammen mit dem Angebot erhalten Sie eine aussagekr\u00e4ftige Kalkulation und einen Prozentsatz bzw. Betrag der Vorauszahlung.<\/li>\n<\/ul>\n<p><strong>BUCHUNGSBEST\u00c4TIGUNG<\/strong><\/p>\n<ul>\n<li>Sie erhalten eine Buchungsbest\u00e4tigung an die gleiche E-Mail-Adresse, von der Sie Ihre Anfrage gesendet haben, oder an die im Online-Formular angegebene E-Mail-Adresse.<\/li>\n<li>Mit der Buchungsbest\u00e4tigung erkl\u00e4rt sich der Gast mit den Allgemeinen Gesch\u00e4ftsbedingungen (AGB) des Unternehmens einverstanden.<\/li>\n<li>Die AGB finden Sie auch auf der https:\/\/kajakkamptoni.com\/de\/agb\/<\/li>\n<li>Akzeptieren Sie die AGB, ohne sie gelesen zu haben, dann verlieren Sie Ihr Recht, sich zu beschweren.<\/li>\n<\/ul>\n<p><strong>GRUPPE\/GAST \u2013 CHECK-IN\/-OUT<\/strong><\/p>\n<ul>\n<li>Bei der Anmeldung einer Gruppe\/eines Gastes an der Rezeption des Campingplatzes ist es notwendig, eine Buchungsbest\u00e4tigung beizuf\u00fcgen. Diese gibt den Buchungstr\u00e4ger und den gebuchten Zeitraum an.<\/li>\n<li>Bitte beachten, dass das Check-in einer Gruppe\/eines Gastes an der Rezeption mit einem Bildausweis f\u00fcr jeden Gast vorgelegt werden muss.<\/li>\n<li>Im Falle einer unangek\u00fcndigten sp\u00e4teren Ankunft bleibt die Unterkunftseinheit bis 20:00 Uhr des geplanten Anreisetages gebucht. Ab 20:00 Uhr behalten wir uns das Recht vor, die Wohneinheit zu vermieten.<\/li>\n<li>Bei versp\u00e4teter Anreise oder fr\u00fcherer Abreise als in der Buchung angek\u00fcndigt, behalten wir uns das Recht vor, der Gruppe\/dem Gast den gesamten gebuchten Zeitraum und alle gebuchten Leistungen in Rechnung zu stellen.<\/li>\n<li>Zeitpunkt des Check-ins oder Check-outs der G\u00e4ste f\u00fcr verschiedene Unterkunftskapazit\u00e4ten:\n<ul>\n<li>Campingpl\u00e4tze\n<ul>\n<li>Check-in am Anreisetag: 16:00-20:00 Uhr<\/li>\n<li>Check-out am Abreisetag: 08:00-12:00 Uhr<\/li>\n<\/ul>\n<\/li>\n<li>Wohnung | Bungalow | Zimmer\n<ul>\n<li>Check-in am Anreisetag: 16:00-20:00 Uhr<\/li>\n<li>Check-out am Abreisetag: 08:00-10:00 Uhr<\/li>\n<\/ul>\n<\/li>\n<\/ul>\n<\/li>\n<li>F\u00fcr Aufenthalte nach der voraussichtlichen Abreisezeit wird eine zus\u00e4tzliche Nacht gem\u00e4\u00df der Preisliste berechnet, die an der Rezeption des Campingplatzes und auf https:\/\/kajakkamptoni.com ver\u00f6ffentlicht ist.<\/li>\n<\/ul>\n<p><strong>BUCHUNG \u00c4NDERN<\/strong><\/p>\n<ul>\n<li>Die telefonisch oder via kajakamptoni@siol.net get\u00e4tigten Buchungen k\u00f6nnen je nach Verf\u00fcgbarkeit (Zeitraum bzw. Art der Unterkunft) bis zu 14 Tage vor dem in der Buchungsbest\u00e4tigung angegebenen Ankunftsdatum ge\u00e4ndert werden.<\/li>\n<li>Die \u00fcber das Online-Formular auf der Website https:\/\/kajakkamptoni.com get\u00e4tigten Buchungen k\u00f6nnen je nach Verf\u00fcgbarkeit (Zeitraum bzw. Art der Unterkunft) bis zu 14 Tage vor dem in der Buchungsbest\u00e4tigung angegebenen Ankunftsdatum ge\u00e4ndert werden.<\/li>\n<li>Wir behalten uns das Recht vor, die per Telefonanfrage oder E-Mail via kajakamptoni@siol.net get\u00e4tigten Buchungen je nach Verf\u00fcgbarkeit (Zeitraum bzw. Art der Unterkunft) auch sp\u00e4ter als 14 Tagen vor dem in der Buchungsbest\u00e4tigung angegebenen Ankunftsdatum \u00e4ndern zu k\u00f6nnen.<\/li>\n<li>\u00c4ndert sich die Anzahl der Personen bei der Buchung eines Stellplatzes, werden nur den Personen, die sich zu diesem Zeitpunkt in der Unterkunft aufgehalten haben, gem\u00e4\u00df der g\u00fcltigen Preisliste berechnet.<\/li>\n<li>Falls die Anzahl der Personen in einem Wohnung, Bungalow oder Zimmer die maximale Personenzahl \u00fcberschreitet, werden f\u00fcr jede zus\u00e4tzliche Person die Kosten und die Kurtaxe gem\u00e4\u00df der g\u00fcltigen Preisliste berechnet.<\/li>\n<\/ul>\n<p><strong>BUCHUNG STORNIEREN<\/strong><\/p>\n<ul>\n<li>Die Buchung kann nur schriftlich oder per E-Mail kajakamptoni@siol.net storniert werden. Keine telefonischen Antr\u00e4ge auf Stornierung einer Buchung werden ber\u00fccksichtigt.<\/li>\n<\/ul>\n<p><strong>DIENSTLEISTUNGEN BEZAHLEN<\/strong><\/p>\n<ul>\n<li>Die Endabrechnung wird an der Rezeption des Campingplatzes in bar in EUR beglichen.<\/li>\n<li>Eventuelle Abweichungen bei der Zahlung der Schlussrechnung, die an der Rezeption des Campingplatzes beglichen wird, h\u00e4ngen von der H\u00f6he der bei der Anfrage angegebenen Dienstleistungen und den tats\u00e4chlich in Anspruch genommenen Dienstleistungen w\u00e4hrend des Aufenthalts auf dem Campingplatz ab.<\/li>\n<li>Die Schlussrechnung wird um den Betrag der bereits geleisteten Vorauszahlung gek\u00fcrzt.<\/li>\n<li>Um m\u00f6gliche Versp\u00e4tungen oder Warteschlangen zu vermeiden, k\u00f6nnen Sie Ihren Aufenthalt am Tag vor dem geplanten Abreisedatum oder sogar schon beim Check-in begleichen.<\/li>\n<li>Die Preise f\u00fcr die Dienstleistungen sind in der Preisliste angegeben, die an der Rezeption des Campingplatzes und auf https:\/\/kajakkamptoni.com ver\u00f6ffentlicht wird.<\/li>\n<\/ul>\n<p><strong>EINEN BESTIMMTEN STELLPLATZ BUCHEN <\/strong><\/p>\n<ul>\n<li>Die Stellpl\u00e4tze in den verschiedenen Zonen des Campingplatzes sind unterschiedlich, daher bem\u00fchen wir uns, einen Stellplatz zur Verf\u00fcgung zu stellen, der den Abmessungen von Wohnmobilen, Wohnwagen und Zelten sowie zus\u00e4tzlichen Anlagen entspricht, die auf dem Buchungsformular oder bei der Anfrage in einer E-Mail angegeben sind.<\/li>\n<li>Der Gast darf eine Anfrage bez\u00fcglich der Lage oder des Aussehens des Stellplatzes stellen, und die Einhaltung dieser Anforderungen h\u00e4ngt von den M\u00f6glichkeiten und den derzeit verf\u00fcgbaren Kapazit\u00e4ten ab.<\/li>\n<li>Ein bestimmter Stellplatz kann nur von G\u00e4sten gebucht werden, die bereits auf dem Campingplatz \u00fcbernachtet haben und mit Stellpl\u00e4tzen vertraut sind, die ihren Vorlieben entsprechen, abh\u00e4ngig von den M\u00f6glichkeiten und den aktuell verf\u00fcgbaren Kapazit\u00e4ten.<\/li>\n<li>Keine Listen der verf\u00fcgbaren Unterkunftskapazit\u00e4ten werden den G\u00e4sten geschickt.<\/li>\n<\/ul>\n<p><strong>HAUSTIERE<\/strong><\/p>\n<ul>\n<li>Haustiere sind auf dem Campingplatz jederzeit kostenlos willkommen.<\/li>\n<li>Bitte beachten Sie, dass Haustiere beim Check-in an der Rezeption des Campingplatzes angemeldet werden m\u00fcssen.<\/li>\n<li>Haustiere sollen w\u00e4hrend des Spaziergangs und in Restaurants an der Leine gef\u00fchrt werden.<\/li>\n<li>Wird ein Schaden durch das Haustier verursacht, tr\u00e4gt der daraus resultierende Schaden der Besitzer des Haustieres.<\/li>\n<li>Haustiere sind in Wohnungs, Bungalows und Zimmern gegen eine zus\u00e4tzliche Geb\u00fchr erlaubt.<\/li>\n<\/ul>\n<p><strong>SONSTIGES<\/strong><\/p>\n<ul>\n<li>Sonderangebote auf der Website https:\/\/kajakkamptoni.com oder per E-Mail sowie die auf der Website aufgef\u00fchrten Standardrabatte sind nicht kombinierbar und schlie\u00dfen sich gegenseitig aus. Sie gelten nur f\u00fcr Buchungen, die w\u00e4hrend des Aktionszeitraums get\u00e4tigt werden. Das Sonderangebot kann nicht gegen andere Angebote eingetauscht werden.<\/li>\n<li>Die H\u00f6he der Kurtaxe wird f\u00fcr jede Person, die auf dem Campingplatz \u00fcbernachtet, je nach Alter dieser Person erhoben.<\/li>\n<\/ul>\n<p>Wir bedanken uns f\u00fcr Ihr Vertrauen und w\u00fcnschen Ihnen einen angenehmen Aufenthalt.<\/p>\n<p>G\u00fcltig ab: 01.01.2026<\/p>\n<p>KAJAK KAMP TONI<br \/>\nVesna \u010copi Mleku\u017e<br \/>\nGesch\u00e4ftsf\u00fchrer<\/p>\n","protected":false},"excerpt":{"rendered":"<p>UNTERKUNFT BUCHEN Ihre Buchung k\u00f6nnen Sie gerne per E-Mail kajakamptoni@siol.net oder Online-Formular auf der Website https:\/\/kajakkamptoni.com f\u00fcr jede Unterkunftsart separat anfragen. Um einen f\u00fcr Sie geeigneten Campingplatz, eine Ferienwohnung, einen Bungalow oder ein Zimmer zu finden, m\u00fcssen wir notwendigerweise \u00fcber die Anzahl der Erwachsenen bzw. Kinder, Ma\u00dfe und Beschreibung Ihres Fahrzeugs, Wohnmobils, Wohnwagens oder Ihres &#8230; <a title=\"Allgemeine Gesch\u00e4ftsbedingungen\" class=\"read-more\" href=\"https:\/\/kajakkamptoni.com\/de\/agb\/\" aria-label=\"Mehr Informationen \u00fcber Allgemeine Gesch\u00e4ftsbedingungen\">Weiterlesen &#8230;<\/a><\/p>\n","protected":false},"author":1,"featured_media":0,"parent":0,"menu_order":0,"comment_status":"closed","ping_status":"closed","template":"","meta":{"_acf_changed":false,"inline_featured_image":false,"footnotes":""},"class_list":["post-3981","page","type-page","status-publish"],"acf":[],"_links":{"self":[{"href":"https:\/\/kajakkamptoni.com\/de\/wp-json\/wp\/v2\/pages\/3981","targetHints":{"allow":["GET"]}}],"collection":[{"href":"https:\/\/kajakkamptoni.com\/de\/wp-json\/wp\/v2\/pages"}],"about":[{"href":"https:\/\/kajakkamptoni.com\/de\/wp-json\/wp\/v2\/types\/page"}],"author":[{"embeddable":true,"href":"https:\/\/kajakkamptoni.com\/de\/wp-json\/wp\/v2\/users\/1"}],"replies":[{"embeddable":true,"href":"https:\/\/kajakkamptoni.com\/de\/wp-json\/wp\/v2\/comments?post=3981"}],"version-history":[{"count":1,"href":"https:\/\/kajakkamptoni.com\/de\/wp-json\/wp\/v2\/pages\/3981\/revisions"}],"predecessor-version":[{"id":3982,"href":"https:\/\/kajakkamptoni.com\/de\/wp-json\/wp\/v2\/pages\/3981\/revisions\/3982"}],"wp:attachment":[{"href":"https:\/\/kajakkamptoni.com\/de\/wp-json\/wp\/v2\/media?parent=3981"}],"curies":[{"name":"wp","href":"https:\/\/api.w.org\/{rel}","templated":true}]}}