{"id":3959,"date":"2025-12-19T18:55:28","date_gmt":"2025-12-19T18:55:28","guid":{"rendered":"https:\/\/dev.kajakkamptoni.com\/?page_id=3959"},"modified":"2026-01-30T08:26:47","modified_gmt":"2026-01-30T08:26:47","slug":"hausordnung","status":"publish","type":"page","link":"https:\/\/kajakkamptoni.com\/de\/hausordnung\/","title":{"rendered":"Hausordnung"},"content":{"rendered":"<p align=\"justify\"><b>HAUSORDNUNG<\/b><\/p>\n<p align=\"justify\">In dem Campingplatz d\u00fcrfen sich nur angemeldete Personen aufhalten. Die Campingplatzleitung beh\u00e4lt sich vor, den Eintritt abzulehnen und die G\u00e4ste, die diese Hausordnung verletzen, zu entfernen, vor allem aber diejenigen Personen, die die Ruhe und Erholung anderer G\u00e4ste st\u00f6ren oder die allgemeinen Regeln hinsichtlich der Achtung anderer Personen, der Gesellschaftsmoral und des anst\u00e4ndigen Verhaltens. Die Person, auf die die Rechnung ausgestellt wird, gilt als verantwortlich f\u00fcr alle Aktivit\u00e4ten, die sie selbst oder eine Person in ihrer Begleitung oder der Nutzer der Dienstleistungen des Campingplatzes im Einvernehmen mit der Person, auf die die Rechnung ausgestellt wird, verursacht hat.<\/p>\n<p align=\"justify\"><b>ANMELDUNG UND ABMELDUNG<\/b><\/p>\n<p align=\"justify\">Anmeldepflichtig sind alle, die campen, sowie die Nutzer anderer Dienstleistungen aus dem Campingplatzangebot. Wir bitten Sie, sich nach der Ankunft auf dem Campingplatz umgehend an der Rezeption anzumelden und Ihre g\u00fcltigen Ausweise vorzulegen (Personalausweis oder Reisepass),-(jeder Gast, auch die Kinder, ungeachtet dessen, ob er mit einer Gruppe oder allein ist.)<\/p>\n<p align=\"justify\"><b>UNTERBRINGUNG UND AUSWAHL DES STELLPLATZES<\/b><\/p>\n<p align=\"justify\">Der Gast kann einen Stellplatz nach eigener Auswahl besetzen, jedoch nur nach vorheriger Best\u00e4tigung an der Campingplatzrezeption. Ein Wechsel des gew\u00e4hlten Stellplatzes ist nur ausnahmsweise m\u00f6glich, und zwar nur aus entschuldbaren Gr\u00fcnden und nach vorheriger Zustimmung der Campingplatzleitung.<\/p>\n<p align=\"justify\"><b>NUTZUNG DES STELLPLATZES<\/b><\/p>\n<p align=\"justify\">Auf dem Stellplatz sind keinerlei Grabungen und Versetzungen der Pfl\u00f6cke, die die Stellpl\u00e4tze markieren, und sonstige dauerhaften Ver\u00e4nderungen an dem \u00e4u\u00dferen Aussehen des Stellplatzes erlaubt bzw. sind jedwede sonstigen Eingriffen in den Stellplatz verboten. Zur Zeit der Abreise mu\u00df der Stellplatz in seinem Urzustand sein. Die G\u00e4ste sind verpflichtet, die Stellpl\u00e4tze in Ordnung und sauber zu halten sowie die Pflanzungen und die Gr\u00fcnanlagen zu schonen. Das Rei\u00dfen, die F\u00e4llung oder irgendwelche sonstige Besch\u00e4digung und das Eingreifen in die Vegetation sind verboten.<\/p>\n<p align=\"justify\"><b>NACHTRUHE<\/b><\/p>\n<p align=\"justify\">Von 22.00 bis 7.00 Uhr gilt auf dem Campingplatz die Nachtruheregel und es ist vollkommene Ruhe einzuhalten. W\u00e4hrend der Nachtruhe ist es verboten, jeglichen L\u00e4rm im Campingplatz zu verursachen.<\/p>\n<p align=\"justify\"><b>BESUCHER<\/b><\/p>\n<p align=\"justify\">Besucher, die ihre Freunde oder Familie auf dem Campingplatz besuchen, m\u00fcssen ihre Fahrzeuge auf dem Parkplatz vor dem Campingplatzeingang lassen.<\/p>\n<p align=\"justify\"><b>MINDERJ\u00c4HRIGE<\/b><\/p>\n<p align=\"justify\">Eltern oder Personen, die einen Minderj\u00e4hrigen begleiten, sind f\u00fcr alle Handlungen des Minderj\u00e4hrigen auf dem Campingplatz verantwortlich und tragen die Verantwortung f\u00fcr jedwede Sch\u00e4den, die der Minderj\u00e4hrige zur Zeit seines Aufenthalts auf dem Campingplatz verursacht hat. Die Nutzung der Spielpl\u00e4tze und Spielger\u00e4te erfolgt auf eigene Gefahr.<\/p>\n<p align=\"justify\"><b>HAUSTIERE<\/b><\/p>\n<p align=\"justify\">Haustiere, die die G\u00e4ste des Campingplatzes st\u00f6ren oder f\u00fcr sie gef\u00e4hrlich sein k\u00f6nnten, sind nicht erlaubt. Die Haustiere d\u00fcrfen die Ordnung und die Ruhe auf dem Campingplatz auf keine Weise st\u00f6ren. Ihre Besitzer sind verpflichtet, hinter ihnen sauber zu machen und sind f\u00fcr die Taten ihrer Haustiere vollst\u00e4ndig verantwortlich.<\/p>\n<p align=\"justify\">Die Haustiere m\u00fcssen die ganze Zeit des Aufenthalts im Campingplatz unter \u00dcberwachung des Besitzers sein (Hunde m\u00fcssen auf dem Stellplatz an der Leine sein bzw. angebunden werden und die anderen Tiere abh\u00e4ngig von Art).<\/p>\n<p align=\"justify\">Das Sp\u00fclen von Geschirr und das Waschen der W\u00e4sche ist nur in den daf\u00fcr vorgesehenen R\u00e4umen erlaubt. Waschbecken, Sp\u00fclen, Duschen, Pissoirs und Toiletten m\u00fcssen auf ordnungsgem\u00e4\u00dfe Weise benutzt werden, gem\u00e4\u00df dem Nutzungszweck und unter Ber\u00fccksichtigung der Tatsache, das die Sanit\u00e4ranlagen f\u00fcr die gemeinsame Nutzung aller G\u00e4ste vorgesehen sind. Im Campingplatz ist es verboten, Autos zu waschen, \u00d6lwechsel an Fahrzeugen durchzuf\u00fchren u.\u00c4.<\/p>\n<p align=\"justify\">M\u00fcll und Abf\u00e4lle \u2013d\u00fcrfen NUR sortiert \u2013 in die Container und K\u00f6rbe eingef\u00fcllt werden, die sich neben den Zufahrtswegen und anderen frequenten Stellen im Campingplatz befinden. PAPIER, PLASTIK, GLAS, ANDERE ABF\u00c4LLE UND ORGANISCHE ABF\u00c4LLE.<\/p>\n<p align=\"justify\"><b>VERKEHR AUF DEM CAMPINGPLATZ<\/b><\/p>\n<p align=\"justify\">Die h\u00f6chste erlaubte Geschwindigkeit der Fahrzeuge auf dem Campingplatz ist 10 km\/h. Fu\u00dfg\u00e4nger haben Vorfahrt vor allen Fahrzeugen. Fahrrad- und Motorradrennen sowie gef\u00e4hrliche Fahrten gleich welcher Art sind verboten.<\/p>\n<p align=\"justify\"><b>SCHUTZ PERS\u00d6NLICHER GEGENST\u00c4NDE UND VERANTWORTLICHKEIT F\u00dcR BESCH\u00c4DIGUNGEN AUF DEM CAMPINGPLATZ<\/b><\/p>\n<p align=\"justify\">Jeder Gast ist verpflichtet, f\u00fcr seinen Besitz und seine Gegenst\u00e4nde auf dem Campingplatz zu sorgen. Die Campingplatzleitung \u00fcbernimmt keinerlei Haftung f\u00fcr verlorene, gestohlene oder besch\u00e4digte Gegenst\u00e4nde, die im Eigentum des Gastes stehen sowie f\u00fcr die Unf\u00e4lle oder Verletzungen auf dem Campingplatz, die wegen der eigenen Unachtsamkeit des Gastes geschehen. Der Campingplatz \u00fcbernimmt keinerlei Haftung f\u00fcr die Sch\u00e4den, die wegen Unwetters, Feuer oder irgendwelcher h\u00f6heren Gewalt entstehen.<\/p>\n<p align=\"justify\"><b>FOLGEN DER NICHTBEACHTUNG DER CAMPINGPLATZORDNUNG<\/b><\/p>\n<p align=\"justify\">Wird festgestellt, dass die Regeln dieser Hausordnung nicht beachtet wurden, wird dem Gast die Unterbringung mit der K\u00fcndigungsfrist von h\u00f6chstens 24 Stunden gek\u00fcndigt; im Fall von Verletzungen, die einen Straftatbestand aufweisen, werden sogleich die Entfernung aus dem Campingplatz und die Anzeige an die Polizei vorgenommen.<\/p>\n<p align=\"justify\">Der Gast ist verpflichtet, alle Verbindlichkeiten f\u00fcr die Unterbringung im Campingplatz zu begleichen, ungeachtet der K\u00fcndigung der Unterbringung im Campingplatz.<\/p>\n<p align=\"justify\">Ungeachtet der vorigen Bestimmungen ist der Gast verpflichtet, alle materiellen und immateriellen Sch\u00e4den zu erstatten, die dem Campingplatz oder irgendeiner anderen Person entstehen sollten. Personen, die im Campingplatz ohne Anmeldung angetroffen werden oder in anderer Weise gegen diese Hausordnung versto\u00dfen, k\u00f6nnen ebenfalls aus dem Campingplatz entfernt und wegen des eventuellen Versto\u00dfes gegen die \u00f6ffentliche Ordnung, Besitzst\u00f6rung, Vermeidung der Zahlung von Touristengeb\u00fchren im Fall der \u00dcbernachtung auf dem Campingplatz, Vermeidung der Zahlung von Dienstleistungen des Campingplatzes, wegen Betruges bzw. aller anderer gesetzwidrigen Handlungen bei den zust\u00e4ndigen Beh\u00f6rden angezeigt werden. Das Beschwerde- und Lobbuch befindet sich an der Campingplatzrezeption.<\/p>\n<p align=\"justify\">Diese Hausordnung gilt ab dem 01.12.2025.<\/p>\n","protected":false},"excerpt":{"rendered":"<p>HAUSORDNUNG In dem Campingplatz d\u00fcrfen sich nur angemeldete Personen aufhalten. Die Campingplatzleitung beh\u00e4lt sich vor, den Eintritt abzulehnen und die G\u00e4ste, die diese Hausordnung verletzen, zu entfernen, vor allem aber diejenigen Personen, die die Ruhe und Erholung anderer G\u00e4ste st\u00f6ren oder die allgemeinen Regeln hinsichtlich der Achtung anderer Personen, der Gesellschaftsmoral und des anst\u00e4ndigen Verhaltens. &#8230; <a title=\"Hausordnung\" class=\"read-more\" href=\"https:\/\/kajakkamptoni.com\/de\/hausordnung\/\" aria-label=\"Mehr Informationen \u00fcber Hausordnung\">Weiterlesen &#8230;<\/a><\/p>\n","protected":false},"author":1,"featured_media":0,"parent":0,"menu_order":0,"comment_status":"closed","ping_status":"closed","template":"","meta":{"_acf_changed":false,"inline_featured_image":false,"footnotes":""},"class_list":["post-3959","page","type-page","status-publish"],"acf":[],"_links":{"self":[{"href":"https:\/\/kajakkamptoni.com\/de\/wp-json\/wp\/v2\/pages\/3959","targetHints":{"allow":["GET"]}}],"collection":[{"href":"https:\/\/kajakkamptoni.com\/de\/wp-json\/wp\/v2\/pages"}],"about":[{"href":"https:\/\/kajakkamptoni.com\/de\/wp-json\/wp\/v2\/types\/page"}],"author":[{"embeddable":true,"href":"https:\/\/kajakkamptoni.com\/de\/wp-json\/wp\/v2\/users\/1"}],"replies":[{"embeddable":true,"href":"https:\/\/kajakkamptoni.com\/de\/wp-json\/wp\/v2\/comments?post=3959"}],"version-history":[{"count":1,"href":"https:\/\/kajakkamptoni.com\/de\/wp-json\/wp\/v2\/pages\/3959\/revisions"}],"predecessor-version":[{"id":3960,"href":"https:\/\/kajakkamptoni.com\/de\/wp-json\/wp\/v2\/pages\/3959\/revisions\/3960"}],"wp:attachment":[{"href":"https:\/\/kajakkamptoni.com\/de\/wp-json\/wp\/v2\/media?parent=3959"}],"curies":[{"name":"wp","href":"https:\/\/api.w.org\/{rel}","templated":true}]}}