{"id":3987,"date":"2025-12-19T18:55:55","date_gmt":"2025-12-19T18:55:55","guid":{"rendered":"https:\/\/dev.kajakkamptoni.com\/?page_id=3987"},"modified":"2026-01-30T09:43:03","modified_gmt":"2026-01-30T09:43:03","slug":"vseobecne-obchodni-podminky","status":"publish","type":"page","link":"https:\/\/kajakkamptoni.com\/cs\/vseobecne-obchodni-podminky\/","title":{"rendered":"V\u0161eobecn\u00e9 obchodn\u00ed podm\u00ednky"},"content":{"rendered":"<p><strong>REZERVACE UBYTOV\u00c1N\u00cd<\/strong><\/p>\n<ul>\n<li>Dotazy na rezervace lze zas\u00edlat prost\u0159ednictv\u00edm e-mailu: kajakamptoni@siol.net nebo online formul\u00e1\u0159e na webov\u00fdch str\u00e1nk\u00e1ch https:\/\/kajakkamptoni.com pro ka\u017ed\u00fd typ ubytovac\u00edch kapacit zvl\u00e1\u0161\u0165.<\/li>\n<li>Aby bylo mo\u017en\u00e9 nab\u00eddnout vhodn\u00e9 m\u00edsto pro kemp, apartm\u00e1n, bungalov nebo pokoj na z\u00e1klad\u011b Va\u0161\u00ed popt\u00e1vky, je nutn\u00e9 uv\u00e9st velikost a popis vozidla, obytn\u00e9ho vozu, karavanu, karavanu nebo p\u0159i popt\u00e1vce \u010di rezervaci. stan a \u017e\u00e1dn\u00ed dosp\u011bl\u00ed a d\u011bti.<\/li>\n<li>Po obdr\u017een\u00ed \u017e\u00e1dosti V\u00e1m za\u0161leme nab\u00eddku a provedeme p\u0159ibli\u017enou rezervaci s platnost\u00ed minim\u00e1ln\u011b 3 dny ode dne odesl\u00e1n\u00ed nab\u00eddky (p\u0159\u00edpadn\u011b i v\u00edce, v z\u00e1vislosti na po\u017eadovan\u00e9m dni p\u0159\u00edjezdu nebo obsazenosti ubytovac\u00edch kapacit).<\/li>\n<li>Nab\u00eddka obsahuje informativn\u00ed kalkulaci a procento nebo v\u00fd\u0161i z\u00e1lohy.<\/li>\n<\/ul>\n<p><strong>POTVRZEN\u00cd REZERVACE<\/strong><\/p>\n<ul>\n<li>Potvrzen\u00ed rezervace v\u00e1m za\u0161leme na e-mailovou adresu, ze kter\u00e9 jsme obdr\u017eeli popt\u00e1vku, nebo na e-mailovou adresu uvedenou p\u0159i vypl\u0148ov\u00e1n\u00ed online formul\u00e1\u0159e.<\/li>\n<li>Potvrzen\u00ed rezervace znamen\u00e1, \u017ee host p\u0159ij\u00edm\u00e1 obchodn\u00ed podm\u00ednky spole\u010dnosti.<\/li>\n<li>Obchodn\u00ed podm\u00ednky jsou k dispozici na webov\u00fdch str\u00e1nk\u00e1ch https:\/\/kajakkamptoni.com\/cs\/vseobecne-obchodni-podminky\/<\/li>\n<li>Pokud p\u0159ijmete smluvn\u00ed podm\u00ednky, p\u0159esto\u017ee jste si je nep\u0159e\u010detli, ztr\u00e1c\u00edte pr\u00e1vo na st\u00ed\u017enost.<\/li>\n<\/ul>\n<p><strong>CHECK-IN\/CHECK-OUT \u2013 SKUPINA\/HOST<\/strong><\/p>\n<ul>\n<li>P\u0159i registraci skupiny\/hosta na recepci kempu je nutn\u00e9 p\u0159ilo\u017eit potvrzen\u00ed rezervace. V potvrzen\u00ed rezervace je uveden dr\u017eitel rezervace a rezervovan\u00e9 obdob\u00ed.<\/li>\n<li>Vezm\u011bte pros\u00edm na v\u011bdom\u00ed, \u017ee check-in skupiny\/hosta mus\u00ed b\u00fdt p\u0159edlo\u017een na recepci s pr\u016fkazem toto\u017enosti s fotografi\u00ed.<\/li>\n<li>V p\u0159\u00edpad\u011b neohl\u00e1\u0161en\u00e9ho pozd\u011bj\u0161\u00edho p\u0159\u00edjezdu z\u016fstane ubytovac\u00ed jednotka rezervov\u00e1na do 20:00 v pl\u00e1novan\u00fd den p\u0159\u00edjezdu. Od 20:00 si vyhrazujeme pr\u00e1vo na pron\u00e1jem ubytovac\u00ed jednotky.<\/li>\n<li>V p\u0159\u00edpad\u011b pozd\u011bj\u0161\u00edho p\u0159\u00edjezdu nebo d\u0159\u00edv\u011bj\u0161\u00edho odjezdu, ne\u017e bylo ozn\u00e1meno p\u0159i rezervaci, si vyhrazujeme pr\u00e1vo \u00fa\u010dtovat skupin\u011b \/ hostovi za cel\u00e9 rezervovan\u00e9 obdob\u00ed a v\u0161echny rezervovan\u00e9 slu\u017eby.<\/li>\n<li>\u010cas p\u0159\u00edjezdu nebo odhl\u00e1\u0161en\u00ed host\u016f pro r\u016fzn\u00e9 ubytovac\u00ed kapacity:\n<ul>\n<li>Kempy\n<ul>\n<li>check-in v den p\u0159\u00edjezdu: 12:00-20:00<\/li>\n<li>check-out v den odjezdu: 08:00-12:00<\/li>\n<\/ul>\n<\/li>\n<li>Apartm\u00e1n | Bungalov | Pokoje\n<ul>\n<li>check-in v den p\u0159\u00edjezdu: 16:00-20:00<\/li>\n<li>check-out v den odjezdu: 08:00-10:00<\/li>\n<\/ul>\n<\/li>\n<\/ul>\n<\/li>\n<li>U pobyt\u016f po p\u0159edpokl\u00e1dan\u00e9m \u010dase odjezdu bude \u00fa\u010dtov\u00e1na dal\u0161\u00ed noc podle cen\u00edku zve\u0159ejn\u011bn\u00e9ho na recepci kempu a na https:\/\/kajakkamptoni.com<\/li>\n<\/ul>\n<p><strong>ZM\u011aNA REZERVACE<\/strong><\/p>\n<ul>\n<li>Rezervace obdr\u017een\u00e9 prost\u0159ednictv\u00edm popt\u00e1vky na telefonickou nebo e-mailovou adresu kajakamptoni@siol.net se mohou zm\u011bnit a\u017e 14 dn\u00ed p\u0159ed datem p\u0159\u00edjezdu uveden\u00fdm v potvrzen\u00ed rezervace v z\u00e1vislosti na dostupnosti ubytovac\u00edch kapacit (doba nebo typ ubytov\u00e1n\u00ed).<\/li>\n<li>Rezervace proveden\u00e9 online formul\u00e1\u0159e na webov\u00fdch str\u00e1nk\u00e1ch https:\/\/kajakkamptoni.com se mohou zm\u011bnit a\u017e 14 dn\u00ed p\u0159ed datem p\u0159\u00edjezdu uveden\u00fdm v potvrzen\u00ed rezervace v z\u00e1vislosti na dostupnosti ubytovac\u00edch kapacit (doba nebo typ ubytov\u00e1n\u00ed).<\/li>\n<li>Vyhrazujeme si pr\u00e1vo zm\u011bnit rezervace obdr\u017een\u00e9 prost\u0159ednictv\u00edm popt\u00e1vky na telefonick\u00e9 nebo e-mailov\u00e9 kajakamptoni@siol.net i po 14 dnech p\u0159ed datem p\u0159\u00edjezdu uveden\u00fdm v potvrzen\u00ed rezervace, v z\u00e1vislosti na dostupnosti ubytovac\u00edch kapacit (doba nebo typ ubytov\u00e1n\u00ed).<\/li>\n<li>Pokud dojde ke zm\u011bn\u011b po\u010dtu osob p\u0159i rezervaci kempu, budeme \u00fa\u010dtovat pouze osob\u00e1m, kter\u00e9 byly v t\u00e9 dob\u011b ubytov\u00e1ny v jednotce v souladu s platn\u00fdm cen\u00edkem.<\/li>\n<li>Pokud po\u010det osob v apartm\u00e1nu, bungalovu nebo pokoji p\u0159ekro\u010d\u00ed maxim\u00e1ln\u00ed povolen\u00fd po\u010det osob, bude za ka\u017edou dal\u0161\u00ed osobu \u00fa\u010dtov\u00e1na cena a pobytov\u00e1 taxa v souladu s platn\u00fdm cen\u00edkem.<\/li>\n<\/ul>\n<p><strong>ZRU\u0160EN\u00cd REZERVACE<\/strong><\/p>\n<ul>\n<li>Rezervaci lze zru\u0161it pouze p\u00edsemn\u011b nebo e-mailem kajakamptoni@siol.net. \u017d\u00e1dosti o zru\u0161en\u00ed rezervace obdr\u017een\u00e9 telefonicky nebudou br\u00e1ny v \u00favahu.<\/li>\n<\/ul>\n<p><strong>PLATBA ZA SLU\u017dBY<\/strong><\/p>\n<ul>\n<li>Kone\u010dn\u00e1 faktura se hrad\u00ed na recepci kempu v hotovosti v EUR.<\/li>\n<li>P\u0159\u00edpadn\u00e9 rozd\u00edly v \u00fahrad\u011b kone\u010dn\u00e9 faktury, kter\u00e1 je hrazena na recepci kempu, z\u00e1vis\u00ed na mno\u017estv\u00ed slu\u017eeb uveden\u00fdch p\u0159i zasl\u00e1n\u00ed popt\u00e1vky a skute\u010dn\u011b vyu\u017eit\u00fdch slu\u017eb\u00e1ch b\u011bhem pobytu v kempu.<\/li>\n<li>Kone\u010dn\u00e1 faktura je sn\u00ed\u017eena o \u010d\u00e1stku zaplacen\u00e9 z\u00e1lohy.<\/li>\n<li>Abychom se vyhnuli p\u0159\u00edpadn\u00e9mu zpo\u017ed\u011bn\u00ed nebo \u010dek\u00e1n\u00ed ve front\u011b, umo\u017e\u0148ujeme v\u00e1m zaplatit za pobyt den p\u0159ed pl\u00e1novan\u00fdm datem odjezdu, nebo m\u016f\u017eete tak\u00e9 p\u0159i p\u0159\u00edjezdu.<\/li>\n<li>Ceny za slu\u017eby jsou uvedeny v cen\u00edku zve\u0159ejn\u011bn\u00e9m na recepci kempu a na https:\/\/kajakkamptoni.com webov\u00fdch str\u00e1nk\u00e1ch.<\/li>\n<\/ul>\n<p><strong>REZERVACE KONKR\u00c9TN\u00cdHO M\u00cdSTA V KEMPU.<\/strong><\/p>\n<ul>\n<li>Kempovac\u00ed prostory v r\u016fzn\u00fdch z\u00f3n\u00e1ch v kempu jsou r\u016fzn\u00e9, sna\u017e\u00edme se poskytnout m\u00edsto pro kempov\u00e1n\u00ed, kter\u00e9 bude spl\u0148ovat rozm\u011bry t\u00e1born\u00edk\u016f, kempingov\u00fdch p\u0159\u00edv\u011bs\u016f a stan\u016f, stejn\u011b jako dal\u0161\u00ed obsah uveden\u00fd v rezerva\u010dn\u00edm formul\u00e1\u0159i nebo p\u0159i dotazu v e-mailu.<\/li>\n<li>Host m\u016f\u017ee vzn\u00e9st po\u017eadavek na polohu nebo vzhled kempu a spln\u011bn\u00ed t\u011bchto po\u017eadavk\u016f z\u00e1vis\u00ed na mo\u017enostech a aktu\u00e1ln\u00edch dostupn\u00fdch kapacit\u00e1ch.<\/li>\n<li>Konkr\u00e9tn\u00ed m\u00edsto pro kempov\u00e1n\u00ed si mohou rezervovat pouze host\u00e9, kte\u0159\u00ed ji\u017e v kempu pob\u00fdvali a jsou obezn\u00e1meni s m\u00edsty pro t\u00e1bo\u0159en\u00ed, kter\u00e1 vyhovuj\u00ed jejich preferenc\u00edm v z\u00e1vislosti na mo\u017enostech a aktu\u00e1ln\u00edch dostupn\u00fdch kapacit\u00e1ch.<\/li>\n<li>Person\u00e1l kempu nezas\u00edl\u00e1 host\u016fm seznam voln\u00fdch ubytovac\u00edch kapacit.<\/li>\n<\/ul>\n<p><strong>MAZL\u00cd\u010cCI<\/strong><\/p>\n<ul>\n<li>Dom\u00e1c\u00ed mazl\u00ed\u010dci jsou v kempu v\u00edt\u00e1ni bez p\u0159\u00edplatku.<\/li>\n<li>Vezm\u011bte pros\u00edm na v\u011bdom\u00ed, \u017ee dom\u00e1c\u00ed mazl\u00ed\u010dci mus\u00ed b\u00fdt zaregistrov\u00e1ni p\u0159i check-inu na recepci kempu.<\/li>\n<li>Dom\u00e1c\u00ed zv\u00ed\u0159ata mus\u00ed b\u00fdt b\u011bhem ch\u016fze na vod\u00edtku a b\u011bhem ch\u016fze ve stravovac\u00edch za\u0159\u00edzen\u00edch.<\/li>\n<li>Pokud zv\u00ed\u0159e zp\u016fsob\u00ed \u0161kodu, v\u00fdsledn\u00e9 \u0161kody nese majitel zv\u00ed\u0159ete.<\/li>\n<li>Dom\u00e1c\u00ed mazl\u00ed\u010dci jsou povoleni v apartm\u00e1nech, bungalovech a pokoj\u00edch za p\u0159\u00edplatek.<\/li>\n<\/ul>\n<p><strong>ZBYTEK<\/strong><\/p>\n<ul>\n<li>Speci\u00e1ln\u00ed nab\u00eddky na webov\u00fdch str\u00e1nk\u00e1ch https:\/\/kajakkamptoni.com nebo zaslan\u00e9 e-mailem a standardn\u00ed slevy uveden\u00e9 na webov\u00fdch str\u00e1nk\u00e1ch se nes\u010d\u00edtaj\u00ed a vz\u00e1jemn\u011b se vylu\u010duj\u00ed. Plat\u00ed pouze pro rezervace proveden\u00e9 b\u011bhem obdob\u00ed platnosti speci\u00e1ln\u00ed nab\u00eddky. Speci\u00e1ln\u00ed nab\u00eddku nelze vym\u011bnit za \u017e\u00e1dnou jinou nab\u00eddku.<\/li>\n<li>V\u00fd\u0161e turistick\u00e9 dan\u011b je \u00fa\u010dtov\u00e1na za ka\u017edou osobu ubytovanou v kempu v z\u00e1vislosti na v\u011bku t\u00e9to osoby.<\/li>\n<\/ul>\n<p>D\u011bkujeme za d\u016fv\u011bru a p\u0159ejeme V\u00e1m p\u0159\u00edjemn\u00fd pobyt.<\/p>\n<p>Platn\u00e9 od: 01.12.2025<\/p>\n<p>KAJAK KAMP TONI<br \/>\nVesna \u010copi Mleku\u017e<br \/>\n\u0158editel<\/p>\n","protected":false},"excerpt":{"rendered":"<p>REZERVACE UBYTOV\u00c1N\u00cd Dotazy na rezervace lze zas\u00edlat prost\u0159ednictv\u00edm e-mailu: kajakamptoni@siol.net nebo online formul\u00e1\u0159e na webov\u00fdch str\u00e1nk\u00e1ch https:\/\/kajakkamptoni.com pro ka\u017ed\u00fd typ ubytovac\u00edch kapacit zvl\u00e1\u0161\u0165. Aby bylo mo\u017en\u00e9 nab\u00eddnout vhodn\u00e9 m\u00edsto pro kemp, apartm\u00e1n, bungalov nebo pokoj na z\u00e1klad\u011b Va\u0161\u00ed popt\u00e1vky, je nutn\u00e9 uv\u00e9st velikost a popis vozidla, obytn\u00e9ho vozu, karavanu, karavanu nebo p\u0159i popt\u00e1vce \u010di rezervaci. &#8230; <a title=\"V\u0161eobecn\u00e9 obchodn\u00ed podm\u00ednky\" class=\"read-more\" href=\"https:\/\/kajakkamptoni.com\/cs\/vseobecne-obchodni-podminky\/\" aria-label=\"\u010c\u00edst v\u00edce o V\u0161eobecn\u00e9 obchodn\u00ed podm\u00ednky\">Read more<\/a><\/p>\n","protected":false},"author":1,"featured_media":0,"parent":0,"menu_order":0,"comment_status":"closed","ping_status":"closed","template":"","meta":{"_acf_changed":false,"inline_featured_image":false,"footnotes":""},"class_list":["post-3987","page","type-page","status-publish"],"acf":[],"_links":{"self":[{"href":"https:\/\/kajakkamptoni.com\/cs\/wp-json\/wp\/v2\/pages\/3987","targetHints":{"allow":["GET"]}}],"collection":[{"href":"https:\/\/kajakkamptoni.com\/cs\/wp-json\/wp\/v2\/pages"}],"about":[{"href":"https:\/\/kajakkamptoni.com\/cs\/wp-json\/wp\/v2\/types\/page"}],"author":[{"embeddable":true,"href":"https:\/\/kajakkamptoni.com\/cs\/wp-json\/wp\/v2\/users\/1"}],"replies":[{"embeddable":true,"href":"https:\/\/kajakkamptoni.com\/cs\/wp-json\/wp\/v2\/comments?post=3987"}],"version-history":[{"count":1,"href":"https:\/\/kajakkamptoni.com\/cs\/wp-json\/wp\/v2\/pages\/3987\/revisions"}],"predecessor-version":[{"id":3988,"href":"https:\/\/kajakkamptoni.com\/cs\/wp-json\/wp\/v2\/pages\/3987\/revisions\/3988"}],"wp:attachment":[{"href":"https:\/\/kajakkamptoni.com\/cs\/wp-json\/wp\/v2\/media?parent=3987"}],"curies":[{"name":"wp","href":"https:\/\/api.w.org\/{rel}","templated":true}]}}