{"id":3961,"date":"2025-12-19T18:55:28","date_gmt":"2025-12-19T18:55:28","guid":{"rendered":"https:\/\/dev.kajakkamptoni.com\/?page_id=3961"},"modified":"2026-01-30T08:27:26","modified_gmt":"2026-01-30T08:27:26","slug":"rad-kempu","status":"publish","type":"page","link":"https:\/\/kajakkamptoni.com\/cs\/rad-kempu\/","title":{"rendered":"\u0158\u00e1d kempu"},"content":{"rendered":"<p align=\"justify\"><b>\u0158\u00c1D KEMPU<\/b><\/p>\n<p align=\"justify\">V kempu sm\u00ed bydlet pouze osoby, kter\u00e9 jsou v n\u011bm p\u0159ihl\u00e1\u0161en\u00e9. Spr\u00e1va kempu si ponech\u00e1v\u00e1 pr\u00e1vo zam\u00edtnut\u00ed vstupu a pr\u00e1vo vyk\u00e1z\u00e1n\u00ed host\u016f, kte\u0159\u00ed poru\u0161uj\u00ed tento ubytovac\u00ed \u0159\u00e1d p\u0159edev\u0161\u00edm t\u011bch osob, kter\u00e9 ru\u0161\u00ed klid a m\u00edr jin\u00fdch host\u016f a nedodr\u017euj\u00ed v\u0161eobecn\u00e1 pravidla v souvislosti s respektov\u00e1n\u00edm ostatn\u00edch osob, spole\u010densk\u00fdmi mravy a d\u016fstojn\u00fdm chov\u00e1n\u00edm. Osoba, kter\u00e1 je uvedena na \u00fa\u010dtu, se pova\u017euje za odpov\u011bdnou za v\u0161echny \u010dinnosti, kter\u00e9 sama prov\u00e1d\u00ed nebo kter\u00e1koliv osoba v jeho\/jej\u00edm doprovodu nebo je u\u017eivatelem slu\u017eeb kempu za souhlasu osoby, kter\u00e1 je nositelem \u00fa\u010dtu.<\/p>\n<p align=\"justify\"><b>P\u0158IHL\u00c1\u0160EN\u00cd A ODHL\u00c1\u0160EN\u00cd<\/b><\/p>\n<p align=\"justify\">Povinn\u00e9 je p\u0159ihl\u00e1\u0161en\u00ed v\u0161ech t\u011bch, kte\u0159\u00ed kempuj\u00ed, stejn\u011b tak i u\u017eivatel\u016f jin\u00fdch slu\u017eeb kempu. Pros\u00edme v\u00e1s, abyste se ihned po p\u0159\u00edchodu do kempu p\u0159ihl\u00e1sili na recepci kempu a p\u0159edlo\u017eili platn\u00e9 osobn\u00ed dokumenty (ob\u010dansk\u00fd pr\u016fkaz nebo pas),-(( ka\u017ed\u00fd host, tak\u00e9 d\u011bti, bez ohledu na to, zda-li je se skupinou nebo s\u00e1m.))<\/p>\n<p align=\"justify\"><b>UBYTOV\u00c1N\u00cd A V\u00ddB\u011aR VOLN\u00c9HO POZEMKU<\/b><\/p>\n<p align=\"justify\">Host m\u016f\u017ee obsadit m\u00edsto v kempu podle sv\u00e9ho v\u00fdb\u011bru, av\u0161ak po p\u0159edch\u00e1zej\u00edc\u00edm potvrzen\u00ed na recepci kempu. Zm\u011bna vybran\u00e9ho m\u00edsta je dovolena pouze v\u00fdjime\u010dn\u011b a pouze z od\u016fvodn\u011bn\u00fdch d\u016fvod\u016f a po p\u0159edchoz\u00edm souhlasu Spr\u00e1vy kempu.<\/p>\n<p align=\"justify\"><b>U\u017d\u00cdV\u00c1N\u00cd POZEMKU<\/b><\/p>\n<p align=\"justify\">Na pozemku nen\u00ed dovoleno jak\u00e9koliv kop\u00e1n\u00ed a p\u0159esunov\u00e1n\u00ed kol\u00edk\u016f, kter\u00e9 pozemek ozna\u010duj\u00ed, a jak\u00e9koliv jin\u00e9 trval\u00e9 zm\u011bny na vn\u011bj\u0161\u00ed podob\u011b pozemku respektive je zak\u00e1z\u00e1n jak\u00fdkoliv z\u00e1sah do pozemku. P\u0159i odchodu hosta mus\u00ed b\u00fdt pozemek v p\u016fvodn\u00edm stavu. Host\u00e9 jsou povinni udr\u017eovat po\u0159\u00e1dek a \u010distotu pozemku a zachov\u00e1vat v\u00fdsadbu a zele\u0148. Zak\u00e1z\u00e1no je trh\u00e1n\u00ed, sek\u00e1n\u00ed a jak\u00e9koliv jin\u00e9 po\u0161kozov\u00e1n\u00ed a z\u00e1sahy do vegetace.<\/p>\n<p align=\"justify\"><b>NO\u010cN\u00cd KLID<\/b><\/p>\n<p align=\"justify\">V dob\u011b od 22.00 ve\u010der do 7.00 hodin r\u00e1no plat\u00ed v kempu re\u017eim no\u010dn\u00edho klidu a mus\u00ed se dodr\u017eovat \u00fapln\u00e9 ticho. V dob\u011b no\u010dn\u00edho klidu je zak\u00e1z\u00e1no zp\u016fsobov\u00e1n\u00ed jak\u00e9hokoliv hluku v kempu.<\/p>\n<p align=\"justify\"><b>N\u00c1V\u0160T\u011aVN\u00cdCI<\/b><\/p>\n<p align=\"justify\">N\u00e1v\u0161t\u011bvn\u00edci, kte\u0159\u00ed jsou na n\u00e1v\u0161t\u011bv\u011b za sv\u00fdmi p\u0159\u00e1teli nebo za rodinou, mus\u00ed nechat sv\u00e1 vozidla na parkovi\u0161ti p\u0159ed vstupem do kempu.<\/p>\n<p align=\"justify\"><b>NEZLETIL\u00cd<\/b><\/p>\n<p align=\"justify\">Rodi\u010de nebo osoby, kter\u00e9 doprov\u00e1zej\u00ed nezletil\u00e9ho, jsou odpov\u011bdn\u00ed za chov\u00e1n\u00ed nezletil\u00e9ho v kempu a bude se na n\u011b pohl\u00ed\u017eet jako na odpov\u011bdn\u00e9 za jakoukoliv \u0161kodu, kterou zp\u016fsobil nezletil\u00fd v dob\u011b jeho pobytu v kempu. Pou\u017eit\u00ed h\u0159i\u0161\u0165 a hra\u010dek je na vlastn\u00ed odpov\u011bdnost.<\/p>\n<p align=\"justify\"><b>DOM\u00c1C\u00cd ZV\u00cd\u0158ATA<\/b><\/p>\n<p align=\"justify\">Dom\u00e1c\u00ed zv\u00ed\u0159ata, kter\u00e1 by mohla ru\u0161it nebo jsou nebezpe\u010dn\u00e1 pro hosty kempu, nejsou dovolena.<\/p>\n<p align=\"justify\">Dom\u00e1c\u00ed zv\u00ed\u0159ata nesm\u00ed jak\u00fdmkoliv zp\u016fsobem ru\u0161it po\u0159\u00e1dek a klid v kempu. Jejich vlastn\u00edci jsou povinni po nich ukl\u00edzet a jsou pln\u011b odpov\u011bdni za v\u0161echny \u010diny dom\u00e1c\u00edch zv\u00ed\u0159at. Dom\u00e1c\u00ed zv\u00ed\u0159ata mus\u00ed b\u00fdt po celou dobu pobytu v kempu pod kontrolou vlastn\u00edka (psi na vod\u00edtku respektive mus\u00ed b\u00fdt p\u0159iv\u00e1z\u00e1ni, pokud jsou na pozemku, jin\u00e1 zv\u00ed\u0159ata vhodn\u011b s ohledem na druh).<\/p>\n<p align=\"justify\">Myt\u00ed n\u00e1dob\u00ed a pran\u00ed pr\u00e1dla je dovoleno pouze ve k tomu ur\u010den\u00fdch prostor\u00e1ch. Umyvadla, koryta, sprchy, piso\u00e1ry a toalety se mus\u00ed pou\u017e\u00edvat spr\u00e1vn\u00fdm zp\u016fsobem, v souladu s \u00fa\u010delem pou\u017eit\u00ed, se z\u0159etelem, \u017ee je sanit\u00e1rn\u00ed za\u0159\u00edzen\u00ed ur\u010deno pro spole\u010dn\u00e9 pou\u017eit\u00ed v\u0161ech host\u016f. V kempu je zak\u00e1z\u00e1no myt\u00ed automobil\u016f, v\u00fdm\u011bna motorov\u00fdch olej\u016f ve vozidlech apod.<\/p>\n<p align=\"justify\">Smet\u00ed a odpadky \u2013 POUZE t\u0159\u00edd\u011bn\u00e9 \u2013 se mohou vyhazovat do kontejner\u016f a ko\u0161\u016f, kter\u00e9 se nach\u00e1zej\u00ed v kempu u p\u0159\u00edstupov\u00fdch cest, stezek a na jin\u00fdch frekventovan\u00fdch m\u00edstech v kempu. PAP\u00cdR, SKLO, OSTATN\u00cd ODPADKY A ORGANICK\u00dd ODPAD.<\/p>\n<p align=\"justify\"><b>DOPRAVA V KEMPU<\/b><\/p>\n<p align=\"justify\">Nejvy\u0161\u0161\u00ed dovolen\u00e1 rychlost vozidel v kempu je 10 km\/h. Chodci maj\u00ed p\u0159ednost p\u0159ed v\u0161emi druhy vozidel. Z\u00e1vody na kolech nebo s motocykly nebo jak\u00e1koliv nebezpe\u010dn\u00e1 j\u00edzda je zak\u00e1z\u00e1na.<\/p>\n<p align=\"justify\"><b>ZABEZPE\u010cEN\u00cd OSOBN\u00cdCH V\u011aC\u00cd A ODPOV\u011aDNOST ZA PO\u0160KOZEN\u00cd V KEMPU<\/b><\/p>\n<p align=\"justify\">Ka\u017ed\u00fd host je povinen se postarat o sv\u016fj majetek a v\u011bci v kempu. Spr\u00e1va kempu nep\u0159eb\u00edr\u00e1 odpov\u011bdnost za ztracen\u00e9, ukraden\u00e9 nebo po\u0161kozen\u00e9 v\u011bci, kter\u00e9 jsou majetkem hosta a stejn\u011b tak za nehody a po\u0161kozen\u00ed v kempu, kter\u00e9 se stanou d\u00edky osobn\u00ed neopatrnosti hosta. Kemp nep\u0159eb\u00edr\u00e1 jakoukoliv zodpov\u011bdnost za \u0161kodu, kter\u00e1 je d\u016fsledkem bou\u0159e, ohn\u011b nebo jak\u00e9koliv jin\u00e9 vy\u0161\u0161\u00ed moci.<\/p>\n<p align=\"justify\"><b>D\u016eSLEDKY NEDODR\u017dOV\u00c1N\u00cd PRAVIDEL UBYTOVAC\u00cdHO \u0158\u00c1DU KEMPU<\/b><\/p>\n<p align=\"justify\">P\u0159i zji\u0161t\u011bn\u00ed nedodr\u017eov\u00e1n\u00ed pravidel tohoto ubytovac\u00edho \u0159\u00e1du bude hostovi zak\u00e1z\u00e1no ubytov\u00e1n\u00ed v kempu s v\u00fdpov\u011bdn\u00ed lh\u016ftou nejd\u00e9le 24 hodin, v p\u0159\u00edpad\u011b poru\u0161en\u00ed, kter\u00e9 maj\u00ed znaky trestn\u00e9ho \u010dinu, okam\u017eit\u00e9 vyho\u0161t\u011bn\u00ed z kempu a nahl\u00e1\u0161en\u00ed na policii. Host je povinen vyrovnat v\u0161echny z\u00e1vazky za ubytov\u00e1n\u00ed v kempu i p\u0159es v\u00fdpov\u011b\u010f ubytov\u00e1n\u00ed v kempu. Bez ohledu na p\u0159ech\u00e1zej\u00edc\u00ed ustanoven\u00ed je host povinen vyrovnat celou majetkovou i nemajetkovou \u0161kodu, kter\u00e1 by mohla vzniknout kempu nebo jak\u00e9koliv jin\u00e9 osob\u011b.<\/p>\n<p align=\"justify\">Osoby, kter\u00e9 budou p\u0159isti\u017eeny v kempu bez p\u0159ihl\u00e1\u0161en\u00ed nebo se budou chovat v rozporu s ubytovac\u00edm \u0159\u00e1dem, mohou b\u00fdt vyk\u00e1z\u00e1ny z kempu a nahl\u00e1\u0161eny p\u0159\u00edslu\u0161n\u00fdm org\u00e1n\u016fm za sp\u00e1ch\u00e1n\u00ed p\u0159estupku proti ve\u0159ejn\u00e9mu po\u0159\u00e1dku a klidu, naru\u0161ov\u00e1n\u00ed vlastnictv\u00ed, vyh\u00fdb\u00e1n\u00ed se zaplacen\u00ed turistick\u00fdch poplatk\u016f v p\u0159\u00edpad\u011b p\u0159enocov\u00e1n\u00ed v kempu, vyh\u00fdb\u00e1n\u00ed se placen\u00ed slu\u017eeb kempu, podvody resp. v\u0161echna jin\u00e1 nez\u00e1konn\u00e1 jedn\u00e1n\u00ed.<\/p>\n<p align=\"justify\">Kniha p\u0159\u00e1n\u00ed a st\u00ed\u017enost\u00ed se nach\u00e1z\u00ed na recepci kempu.<\/p>\n<p align=\"justify\">Platnost tohoto ubytovac\u00edho \u0159\u00e1du je od 01.12.2025 d\u00e1le.<\/p>\n","protected":false},"excerpt":{"rendered":"<p>\u0158\u00c1D KEMPU V kempu sm\u00ed bydlet pouze osoby, kter\u00e9 jsou v n\u011bm p\u0159ihl\u00e1\u0161en\u00e9. Spr\u00e1va kempu si ponech\u00e1v\u00e1 pr\u00e1vo zam\u00edtnut\u00ed vstupu a pr\u00e1vo vyk\u00e1z\u00e1n\u00ed host\u016f, kte\u0159\u00ed poru\u0161uj\u00ed tento ubytovac\u00ed \u0159\u00e1d p\u0159edev\u0161\u00edm t\u011bch osob, kter\u00e9 ru\u0161\u00ed klid a m\u00edr jin\u00fdch host\u016f a nedodr\u017euj\u00ed v\u0161eobecn\u00e1 pravidla v souvislosti s respektov\u00e1n\u00edm ostatn\u00edch osob, spole\u010densk\u00fdmi mravy a d\u016fstojn\u00fdm chov\u00e1n\u00edm. Osoba, &#8230; <a title=\"\u0158\u00e1d kempu\" class=\"read-more\" href=\"https:\/\/kajakkamptoni.com\/cs\/rad-kempu\/\" aria-label=\"\u010c\u00edst v\u00edce o \u0158\u00e1d kempu\">Read more<\/a><\/p>\n","protected":false},"author":1,"featured_media":0,"parent":0,"menu_order":0,"comment_status":"closed","ping_status":"closed","template":"","meta":{"_acf_changed":false,"inline_featured_image":false,"footnotes":""},"class_list":["post-3961","page","type-page","status-publish"],"acf":[],"_links":{"self":[{"href":"https:\/\/kajakkamptoni.com\/cs\/wp-json\/wp\/v2\/pages\/3961","targetHints":{"allow":["GET"]}}],"collection":[{"href":"https:\/\/kajakkamptoni.com\/cs\/wp-json\/wp\/v2\/pages"}],"about":[{"href":"https:\/\/kajakkamptoni.com\/cs\/wp-json\/wp\/v2\/types\/page"}],"author":[{"embeddable":true,"href":"https:\/\/kajakkamptoni.com\/cs\/wp-json\/wp\/v2\/users\/1"}],"replies":[{"embeddable":true,"href":"https:\/\/kajakkamptoni.com\/cs\/wp-json\/wp\/v2\/comments?post=3961"}],"version-history":[{"count":1,"href":"https:\/\/kajakkamptoni.com\/cs\/wp-json\/wp\/v2\/pages\/3961\/revisions"}],"predecessor-version":[{"id":3962,"href":"https:\/\/kajakkamptoni.com\/cs\/wp-json\/wp\/v2\/pages\/3961\/revisions\/3962"}],"wp:attachment":[{"href":"https:\/\/kajakkamptoni.com\/cs\/wp-json\/wp\/v2\/media?parent=3961"}],"curies":[{"name":"wp","href":"https:\/\/api.w.org\/{rel}","templated":true}]}}